{"id":15,"date":"2022-06-30T11:50:57","date_gmt":"2022-06-30T14:50:57","guid":{"rendered":"https:\/\/infodive.com.br\/blog\/?page_id=15"},"modified":"2022-06-30T18:31:56","modified_gmt":"2022-06-30T21:31:56","slug":"blog","status":"publish","type":"page","link":"https:\/\/infodive.com.br\/blog\/","title":{"rendered":"Blog"},"content":{"rendered":"\t\t<div data-elementor-type=\"wp-page\" data-elementor-id=\"15\" class=\"elementor elementor-15\">\n\t\t\t\t\t\t\t\t\t<section class=\"elementor-section elementor-top-section elementor-element elementor-element-160cab62 elementor-section-full_width mt-4 pt-lg-2 mb-4 pb-1 pb-md-3 elementor-section-height-default elementor-section-height-default\" data-id=\"160cab62\" data-element_type=\"section\">\n\t\t\t\t\t\t<div class=\"elementor-container elementor-column-gap-default container\">\n\t\t\t\t\t<div class=\"elementor-column elementor-col-100 elementor-top-column elementor-element elementor-element-3e815a22\" data-id=\"3e815a22\" data-element_type=\"column\">\n\t\t\t<div class=\"p-0 elementor-widget-wrap elementor-element-populated\">\n\t\t\t\t\t\t\t\t<div class=\"elementor-element elementor-element-464efe85 elementor-widget elementor-widget-highlighted-heading\" data-id=\"464efe85\" data-element_type=\"widget\" data-widget_type=\"highlighted-heading.default\">\n\t\t\t\t<div class=\"elementor-widget-container\">\n\t\t\t<h1 class=\"silicon-elementor-highlighted-heading__title mb-0\"><span class=\"si-multipurpose-text__before\">\u00daltimas postagens<\/span><\/h1>\t\t<\/div>\n\t\t\t\t<\/div>\n\t\t\t\t\t<\/div>\n\t\t<\/div>\n\t\t\t\t\t\t\t<\/div>\n\t\t<\/section>\n\t\t\t\t<div class=\"elementor-section elementor-top-section elementor-element elementor-element-3f8849cc elementor-section-full_width elementor-section-height-default elementor-section-height-default\" data-id=\"3f8849cc\" data-element_type=\"section\">\n\t\t\t\t\t\t<div class=\"elementor-container elementor-column-gap-default container\">\n\t\t\t\t\t<div class=\"elementor-column elementor-col-50 elementor-top-column elementor-element elementor-element-4017b911 col-xl-9 col-lg-8\" data-id=\"4017b911\" data-element_type=\"column\">\n\t\t\t<div class=\"p-0 pe-xl-5 elementor-widget-wrap elementor-element-populated\">\n\t\t\t\t\t\t\t\t<div class=\"elementor-element elementor-element-5671942a elementor-widget elementor-widget-si-posts\" data-id=\"5671942a\" data-element_type=\"widget\" data-settings=\"{&quot;pagination_type&quot;:&quot;numbers&quot;}\" data-widget_type=\"si-posts.grid-v1\">\n\t\t\t\t<div class=\"elementor-widget-container\">\n\t\t\t\t\t<div class=\"masonry-grid row row-cols-sm-2 row-cols-1 g-4 elementor-posts-container elementor-posts elementor-posts--skin-grid-v1\">\n\t\t<div class=\"masonry-grid-item col pb-2 pb-lg-3 si-article\">\n\t<article class=\"card position-relative border-0 bg-transparent\">\n\t\t\t\t<div class=\"overflow-hidden rounded-3\">\n\t\t\t<img width=\"990\" height=\"498\" src=\"https:\/\/infodive.com.br\/blog\/wp-content\/uploads\/2022\/06\/texture-iti4.png\" class=\"attachment-full size-full wp-post-image\" alt=\"\" loading=\"lazy\" srcset=\"https:\/\/infodive.com.br\/blog\/wp-content\/uploads\/2022\/06\/texture-iti4.png 990w, https:\/\/infodive.com.br\/blog\/wp-content\/uploads\/2022\/06\/texture-iti4-300x151.png 300w, https:\/\/infodive.com.br\/blog\/wp-content\/uploads\/2022\/06\/texture-iti4-768x386.png 768w\" sizes=\"(max-width: 990px) 100vw, 990px\" \/>\t\t<\/div>\n\t\t\t\t<div class=\"card-body pb-1 px-0\">\n\t\t\t<div class=\"d-flex justify-content-between mb-3\">\n\t\t\t\t<div class=\"mb-0\"><a href=\"https:\/\/infodive.com.br\/blog\/category\/ibm-cloud\/\" class=\"badge fs-sm text-decoration-none bg-secondary text-nav\" rel=\"category tag\">IBM Cloud<\/a><\/div>\t\t\t<\/div>\n\t\t\t<h3 class=\"h4 entry-title\"><a href=\"https:\/\/infodive.com.br\/blog\/servidores-em-nuvem-qual-a-importancia-dessa-tecnologia-para-os-negocios\/\" class=\"stretched-link\" rel=\"bookmark\">Servidores em nuvem &#8211; Qual a import\u00e2ncia dessa tecnologia para os neg\u00f3cios?<\/a><\/h3>\t\t\t<div class=\"mb-4\"><p>Podemos definir uma solu\u00e7\u00e3o em nuvem com a entrega de recursos de TI sob demanda por meio de conex\u00e3o com a internet.&nbsp; Com uma infraestrutura em nuvem voc\u00ea n\u00e3o precisa ter ou manter data centers e servidores f\u00edsicos. Voc\u00ea tem acesso aos servi\u00e7os e informa\u00e7\u00f5es que precisa usando apenas um provedor de nuvem. Seus dados [&hellip;]<\/p>\n<\/div>\n\t\t\t<div class=\"d-flex align-items-center text-muted\">\n\t\t\t\t<div class=\"fs-sm border-end pe-3 me-3\"><a href=\"https:\/\/infodive.com.br\/blog\/servidores-em-nuvem-qual-a-importancia-dessa-tecnologia-para-os-negocios\/\" rel=\"bookmark\" class=\"text-decoration-none text-reset\"><time class=\"entry-date published d-none\" datetime=\"2022-06-30T18:25:21-03:00\">30 de junho de 2022<\/time><time class=\"updated\" datetime=\"2022-10-13T10:08:48-03:00\">13 de outubro de 2022<\/time><\/a><\/div>\t\t\t\t\t\t\t<\/div>\n\t\t<\/div>\n\t<\/article>\n<\/div>\n<div class=\"masonry-grid-item col pb-2 pb-lg-3 si-article\">\n\t<article class=\"card position-relative border-0 bg-transparent\">\n\t\t\t\t<div class=\"overflow-hidden rounded-3\">\n\t\t\t<img width=\"1263\" height=\"433\" src=\"https:\/\/infodive.com.br\/blog\/wp-content\/uploads\/2023\/12\/blog.png\" class=\"attachment-full size-full wp-post-image\" alt=\"\" loading=\"lazy\" srcset=\"https:\/\/infodive.com.br\/blog\/wp-content\/uploads\/2023\/12\/blog.png 1263w, https:\/\/infodive.com.br\/blog\/wp-content\/uploads\/2023\/12\/blog-300x103.png 300w, https:\/\/infodive.com.br\/blog\/wp-content\/uploads\/2023\/12\/blog-1024x351.png 1024w, https:\/\/infodive.com.br\/blog\/wp-content\/uploads\/2023\/12\/blog-768x263.png 768w\" sizes=\"(max-width: 1263px) 100vw, 1263px\" \/>\t\t<\/div>\n\t\t\t\t<div class=\"card-body pb-1 px-0\">\n\t\t\t<div class=\"d-flex justify-content-between mb-3\">\n\t\t\t\t<div class=\"mb-0\"><a href=\"https:\/\/infodive.com.br\/blog\/category\/digital\/\" class=\"badge fs-sm text-decoration-none bg-secondary text-nav\" rel=\"category tag\">Digital<\/a> <a href=\"https:\/\/infodive.com.br\/blog\/category\/ibm-security\/\" class=\"badge fs-sm text-decoration-none bg-secondary text-nav\" rel=\"category tag\">IBM Security<\/a> <a href=\"https:\/\/infodive.com.br\/blog\/category\/tech\/\" class=\"badge fs-sm text-decoration-none bg-secondary text-nav\" rel=\"category tag\">Tech<\/a> <a href=\"https:\/\/infodive.com.br\/blog\/category\/technology\/\" class=\"badge fs-sm text-decoration-none bg-secondary text-nav\" rel=\"category tag\">Technology<\/a><\/div>\t\t\t<\/div>\n\t\t\t<h3 class=\"h4 entry-title\"><a href=\"https:\/\/infodive.com.br\/blog\/oito-tecnologias-de-seguranca-de-dados-para-ajudar-empresas-a-se-protegerem\/\" class=\"stretched-link\" rel=\"bookmark\">Oito tecnologias de seguran\u00e7a de dados para ajudar empresas a se protegerem<\/a><\/h3>\t\t\t<div class=\"mb-4\"><p>A seguran\u00e7a dos dados deve ser uma das prioridades dentro do ambiente corporativo. Seu vazamento pode gerar consequ\u00eancias graves. Criamos uma lista com oito tecnologias para ajudar a elevar a prote\u00e7\u00e3o e manter a seguran\u00e7a dos dados.<\/p>\n<\/div>\n\t\t\t<div class=\"d-flex align-items-center text-muted\">\n\t\t\t\t<div class=\"fs-sm border-end pe-3 me-3\"><a href=\"https:\/\/infodive.com.br\/blog\/oito-tecnologias-de-seguranca-de-dados-para-ajudar-empresas-a-se-protegerem\/\" rel=\"bookmark\" class=\"text-decoration-none text-reset\"><time class=\"entry-date published d-none\" datetime=\"2023-12-14T13:19:33-03:00\">14 de dezembro de 2023<\/time><time class=\"updated\" datetime=\"2023-12-14T13:19:34-03:00\">14 de dezembro de 2023<\/time><\/a><\/div>\t\t\t\t<a href=\"https:\/\/infodive.com.br\/blog\/oito-tecnologias-de-seguranca-de-dados-para-ajudar-empresas-a-se-protegerem\/#respond\" class=\"d-flex align-items-center me-3 text-reset text-decoration-none\"><i class=\"bx bx-comment  me-1\"><\/i><span class=\"fs-sm\">0<\/span><\/a>\t\t\t<\/div>\n\t\t<\/div>\n\t<\/article>\n<\/div>\n<div class=\"masonry-grid-item col pb-2 pb-lg-3 si-article\">\n\t<article class=\"card position-relative border-0 bg-transparent\">\n\t\t\t\t<div class=\"overflow-hidden rounded-3\">\n\t\t\t<img width=\"1263\" height=\"433\" src=\"https:\/\/infodive.com.br\/blog\/wp-content\/uploads\/2023\/11\/Prancheta-2blogblog.png\" class=\"attachment-full size-full wp-post-image\" alt=\"\" loading=\"lazy\" srcset=\"https:\/\/infodive.com.br\/blog\/wp-content\/uploads\/2023\/11\/Prancheta-2blogblog.png 1263w, https:\/\/infodive.com.br\/blog\/wp-content\/uploads\/2023\/11\/Prancheta-2blogblog-300x103.png 300w, https:\/\/infodive.com.br\/blog\/wp-content\/uploads\/2023\/11\/Prancheta-2blogblog-1024x351.png 1024w, https:\/\/infodive.com.br\/blog\/wp-content\/uploads\/2023\/11\/Prancheta-2blogblog-768x263.png 768w\" sizes=\"(max-width: 1263px) 100vw, 1263px\" \/>\t\t<\/div>\n\t\t\t\t<div class=\"card-body pb-1 px-0\">\n\t\t\t<div class=\"d-flex justify-content-between mb-3\">\n\t\t\t\t<div class=\"mb-0\"><a href=\"https:\/\/infodive.com.br\/blog\/category\/digital\/\" class=\"badge fs-sm text-decoration-none bg-secondary text-nav\" rel=\"category tag\">Digital<\/a> <a href=\"https:\/\/infodive.com.br\/blog\/category\/ibm\/\" class=\"badge fs-sm text-decoration-none bg-secondary text-nav\" rel=\"category tag\">IBM<\/a> <a href=\"https:\/\/infodive.com.br\/blog\/category\/ibm-storage\/\" class=\"badge fs-sm text-decoration-none bg-secondary text-nav\" rel=\"category tag\">IBM Storage<\/a> <a href=\"https:\/\/infodive.com.br\/blog\/category\/tech\/\" class=\"badge fs-sm text-decoration-none bg-secondary text-nav\" rel=\"category tag\">Tech<\/a> <a href=\"https:\/\/infodive.com.br\/blog\/category\/technology\/\" class=\"badge fs-sm text-decoration-none bg-secondary text-nav\" rel=\"category tag\">Technology<\/a><\/div>\t\t\t<\/div>\n\t\t\t<h3 class=\"h4 entry-title\"><a href=\"https:\/\/infodive.com.br\/blog\/armazenamento-de-dados-as-tecnologias-que-voce-precisa-conhecer\/\" class=\"stretched-link\" rel=\"bookmark\">Armazenamento de dados: as tecnologias que voc\u00ea precisa conhecer<\/a><\/h3>\t\t\t<div class=\"mb-4\"><p>Descubra a excel\u00eancia em armazenamento de dados com solu\u00e7\u00f5es avan\u00e7adas da IBM, integrando SAN, flash, fita e tecnologias de \u00faltima gera\u00e7\u00e3o para sua empresa.<\/p>\n<\/div>\n\t\t\t<div class=\"d-flex align-items-center text-muted\">\n\t\t\t\t<div class=\"fs-sm border-end pe-3 me-3\"><a href=\"https:\/\/infodive.com.br\/blog\/armazenamento-de-dados-as-tecnologias-que-voce-precisa-conhecer\/\" rel=\"bookmark\" class=\"text-decoration-none text-reset\"><time class=\"entry-date published d-none\" datetime=\"2023-11-23T10:23:44-03:00\">23 de novembro de 2023<\/time><time class=\"updated\" datetime=\"2023-11-23T10:23:45-03:00\">23 de novembro de 2023<\/time><\/a><\/div>\t\t\t\t<a href=\"https:\/\/infodive.com.br\/blog\/armazenamento-de-dados-as-tecnologias-que-voce-precisa-conhecer\/#respond\" class=\"d-flex align-items-center me-3 text-reset text-decoration-none\"><i class=\"bx bx-comment  me-1\"><\/i><span class=\"fs-sm\">0<\/span><\/a>\t\t\t<\/div>\n\t\t<\/div>\n\t<\/article>\n<\/div>\n<div class=\"masonry-grid-item col pb-2 pb-lg-3 si-article\">\n\t<article class=\"card position-relative border-0 bg-transparent\">\n\t\t\t\t<div class=\"overflow-hidden rounded-3\">\n\t\t\t<img width=\"1263\" height=\"433\" src=\"https:\/\/infodive.com.br\/blog\/wp-content\/uploads\/2023\/11\/Banner-site.png\" class=\"attachment-full size-full wp-post-image\" alt=\"\" loading=\"lazy\" srcset=\"https:\/\/infodive.com.br\/blog\/wp-content\/uploads\/2023\/11\/Banner-site.png 1263w, https:\/\/infodive.com.br\/blog\/wp-content\/uploads\/2023\/11\/Banner-site-300x103.png 300w, https:\/\/infodive.com.br\/blog\/wp-content\/uploads\/2023\/11\/Banner-site-1024x351.png 1024w, https:\/\/infodive.com.br\/blog\/wp-content\/uploads\/2023\/11\/Banner-site-768x263.png 768w\" sizes=\"(max-width: 1263px) 100vw, 1263px\" \/>\t\t<\/div>\n\t\t\t\t<div class=\"card-body pb-1 px-0\">\n\t\t\t<div class=\"d-flex justify-content-between mb-3\">\n\t\t\t\t<div class=\"mb-0\"><a href=\"https:\/\/infodive.com.br\/blog\/category\/sem-categoria\/\" class=\"badge fs-sm text-decoration-none bg-secondary text-nav\" rel=\"category tag\">Sem categoria<\/a><\/div>\t\t\t<\/div>\n\t\t\t<h3 class=\"h4 entry-title\"><a href=\"https:\/\/infodive.com.br\/blog\/servidores-ibm-power-sua-infraestrutura-de-ti-empresarial-moderna-e-eficaz\/\" class=\"stretched-link\" rel=\"bookmark\">Servidores IBM Power: a resili\u00eancia necess\u00e1ria para uma infraestrutura de TI empresarial moderna e eficaz<\/a><\/h3>\t\t\t<div class=\"mb-4\"><p>Voc\u00ea j\u00e1 deve ter ouvido muito por a\u00ed que os dados se tornaram o ativo mais valioso para as empresas. Tomar decis\u00f5es estrat\u00e9gicas, atender \u00e0s demandas dos clientes e impulsionar o crescimento dos neg\u00f3cios depende, em grande parte, da capacidade de processar e gerenciar informa\u00e7\u00f5es de forma eficiente. Conquistar uma vantagem competitiva em um mundo [&hellip;]<\/p>\n<\/div>\n\t\t\t<div class=\"d-flex align-items-center text-muted\">\n\t\t\t\t<div class=\"fs-sm border-end pe-3 me-3\"><a href=\"https:\/\/infodive.com.br\/blog\/servidores-ibm-power-sua-infraestrutura-de-ti-empresarial-moderna-e-eficaz\/\" rel=\"bookmark\" class=\"text-decoration-none text-reset\"><time class=\"entry-date published d-none\" datetime=\"2023-11-09T07:25:56-03:00\">9 de novembro de 2023<\/time><time class=\"updated\" datetime=\"2023-11-09T07:26:30-03:00\">9 de novembro de 2023<\/time><\/a><\/div>\t\t\t\t<a href=\"https:\/\/infodive.com.br\/blog\/servidores-ibm-power-sua-infraestrutura-de-ti-empresarial-moderna-e-eficaz\/#respond\" class=\"d-flex align-items-center me-3 text-reset text-decoration-none\"><i class=\"bx bx-comment  me-1\"><\/i><span class=\"fs-sm\">0<\/span><\/a>\t\t\t<\/div>\n\t\t<\/div>\n\t<\/article>\n<\/div>\n<div class=\"masonry-grid-item col pb-2 pb-lg-3 si-article\">\n\t<article class=\"card position-relative border-0 bg-transparent\">\n\t\t\t\t<div class=\"overflow-hidden rounded-3\">\n\t\t\t<img width=\"1263\" height=\"466\" src=\"https:\/\/infodive.com.br\/blog\/wp-content\/uploads\/2023\/07\/banner-site.png\" class=\"attachment-full size-full wp-post-image\" alt=\"\" loading=\"lazy\" srcset=\"https:\/\/infodive.com.br\/blog\/wp-content\/uploads\/2023\/07\/banner-site.png 1263w, https:\/\/infodive.com.br\/blog\/wp-content\/uploads\/2023\/07\/banner-site-300x111.png 300w, https:\/\/infodive.com.br\/blog\/wp-content\/uploads\/2023\/07\/banner-site-1024x378.png 1024w, https:\/\/infodive.com.br\/blog\/wp-content\/uploads\/2023\/07\/banner-site-768x283.png 768w\" sizes=\"(max-width: 1263px) 100vw, 1263px\" \/>\t\t<\/div>\n\t\t\t\t<div class=\"card-body pb-1 px-0\">\n\t\t\t<div class=\"d-flex justify-content-between mb-3\">\n\t\t\t\t<div class=\"mb-0\"><a href=\"https:\/\/infodive.com.br\/blog\/category\/sem-categoria\/\" class=\"badge fs-sm text-decoration-none bg-secondary text-nav\" rel=\"category tag\">Sem categoria<\/a><\/div>\t\t\t<\/div>\n\t\t\t<h3 class=\"h4 entry-title\"><a href=\"https:\/\/infodive.com.br\/blog\/armazenamento-como-um-servico-conheca-essa-tendencia-da-ti\/\" class=\"stretched-link\" rel=\"bookmark\">Armazenamento como um servi\u00e7o: conhe\u00e7a essa tend\u00eancia da TI<\/a><\/h3>\t\t\t<div class=\"mb-4\"><p>O termo armazenamento como um servi\u00e7o certamente n\u00e3o deve causar estranhamento para voc\u00ea. Afinal, estamos vivendo a transi\u00e7\u00e3o da propriedade TI para a TI como um servi\u00e7o, e com o armazenamento n\u00e3o seria diferente. A termina\u00e7\u00e3o aaS (as a service) tem acompanhado toda a evolu\u00e7\u00e3o de solu\u00e7\u00f5es, e o armazenamento como um servi\u00e7o tem oferecido [&hellip;]<\/p>\n<\/div>\n\t\t\t<div class=\"d-flex align-items-center text-muted\">\n\t\t\t\t<div class=\"fs-sm border-end pe-3 me-3\"><a href=\"https:\/\/infodive.com.br\/blog\/armazenamento-como-um-servico-conheca-essa-tendencia-da-ti\/\" rel=\"bookmark\" class=\"text-decoration-none text-reset\"><time class=\"entry-date published d-none\" datetime=\"2023-07-14T11:38:52-03:00\">14 de julho de 2023<\/time><time class=\"updated\" datetime=\"2023-07-14T11:38:53-03:00\">14 de julho de 2023<\/time><\/a><\/div>\t\t\t\t<a href=\"https:\/\/infodive.com.br\/blog\/armazenamento-como-um-servico-conheca-essa-tendencia-da-ti\/#respond\" class=\"d-flex align-items-center me-3 text-reset text-decoration-none\"><i class=\"bx bx-comment  me-1\"><\/i><span class=\"fs-sm\">0<\/span><\/a>\t\t\t<\/div>\n\t\t<\/div>\n\t<\/article>\n<\/div>\n<div class=\"masonry-grid-item col pb-2 pb-lg-3 si-article\">\n\t<article class=\"card position-relative border-0 bg-transparent\">\n\t\t\t\t<div class=\"overflow-hidden rounded-3\">\n\t\t\t<img width=\"1263\" height=\"466\" src=\"https:\/\/infodive.com.br\/blog\/wp-content\/uploads\/2023\/06\/banner-site.png\" class=\"attachment-full size-full wp-post-image\" alt=\"\" loading=\"lazy\" srcset=\"https:\/\/infodive.com.br\/blog\/wp-content\/uploads\/2023\/06\/banner-site.png 1263w, https:\/\/infodive.com.br\/blog\/wp-content\/uploads\/2023\/06\/banner-site-300x111.png 300w, https:\/\/infodive.com.br\/blog\/wp-content\/uploads\/2023\/06\/banner-site-1024x378.png 1024w, https:\/\/infodive.com.br\/blog\/wp-content\/uploads\/2023\/06\/banner-site-768x283.png 768w\" sizes=\"(max-width: 1263px) 100vw, 1263px\" \/>\t\t<\/div>\n\t\t\t\t<div class=\"card-body pb-1 px-0\">\n\t\t\t<div class=\"d-flex justify-content-between mb-3\">\n\t\t\t\t<div class=\"mb-0\"><a href=\"https:\/\/infodive.com.br\/blog\/category\/ibm\/\" class=\"badge fs-sm text-decoration-none bg-secondary text-nav\" rel=\"category tag\">IBM<\/a> <a href=\"https:\/\/infodive.com.br\/blog\/category\/ibm-storage\/\" class=\"badge fs-sm text-decoration-none bg-secondary text-nav\" rel=\"category tag\">IBM Storage<\/a><\/div>\t\t\t<\/div>\n\t\t\t<h3 class=\"h4 entry-title\"><a href=\"https:\/\/infodive.com.br\/blog\/dados-os-ativos-mais-valiosos-de-todos-os-negocios-saiba-como-protege-los\/\" class=\"stretched-link\" rel=\"bookmark\">Dados, os ativos mais valiosos de todos os neg\u00f3cios. Saiba como proteg\u00ea-los.<\/a><\/h3>\t\t\t<div class=\"mb-4\"><p>Em nosso \u00faltimo artigo, falamos sobre op\u00e7\u00f5es de storage para otimizar toda a gest\u00e3o dos dados corporativos, se voc\u00ea n\u00e3o viu, veja aqui. Agora vamos um pouco mais a fundo neste assunto. O armazenamento de dados \u00e9 um dos grandes elementos para empresas que buscam alcan\u00e7ar patamares maiores no mundo dos neg\u00f3cios. Esses equipamentos conseguem [&hellip;]<\/p>\n<\/div>\n\t\t\t<div class=\"d-flex align-items-center text-muted\">\n\t\t\t\t<div class=\"fs-sm border-end pe-3 me-3\"><a href=\"https:\/\/infodive.com.br\/blog\/dados-os-ativos-mais-valiosos-de-todos-os-negocios-saiba-como-protege-los\/\" rel=\"bookmark\" class=\"text-decoration-none text-reset\"><time class=\"entry-date published d-none\" datetime=\"2023-06-13T07:35:00-03:00\">13 de junho de 2023<\/time><time class=\"updated\" datetime=\"2023-06-14T13:42:27-03:00\">14 de junho de 2023<\/time><\/a><\/div>\t\t\t\t<a href=\"https:\/\/infodive.com.br\/blog\/dados-os-ativos-mais-valiosos-de-todos-os-negocios-saiba-como-protege-los\/#respond\" class=\"d-flex align-items-center me-3 text-reset text-decoration-none\"><i class=\"bx bx-comment  me-1\"><\/i><span class=\"fs-sm\">0<\/span><\/a>\t\t\t<\/div>\n\t\t<\/div>\n\t<\/article>\n<\/div>\n<div class=\"masonry-grid-item col pb-2 pb-lg-3 si-article\">\n\t<article class=\"card position-relative border-0 bg-transparent\">\n\t\t\t\t<div class=\"overflow-hidden rounded-3\">\n\t\t\t<img width=\"1263\" height=\"466\" src=\"https:\/\/infodive.com.br\/blog\/wp-content\/uploads\/2023\/05\/Banner.png\" class=\"attachment-full size-full wp-post-image\" alt=\"\" loading=\"lazy\" srcset=\"https:\/\/infodive.com.br\/blog\/wp-content\/uploads\/2023\/05\/Banner.png 1263w, https:\/\/infodive.com.br\/blog\/wp-content\/uploads\/2023\/05\/Banner-300x111.png 300w, https:\/\/infodive.com.br\/blog\/wp-content\/uploads\/2023\/05\/Banner-1024x378.png 1024w, https:\/\/infodive.com.br\/blog\/wp-content\/uploads\/2023\/05\/Banner-768x283.png 768w\" sizes=\"(max-width: 1263px) 100vw, 1263px\" \/>\t\t<\/div>\n\t\t\t\t<div class=\"card-body pb-1 px-0\">\n\t\t\t<div class=\"d-flex justify-content-between mb-3\">\n\t\t\t\t<div class=\"mb-0\"><a href=\"https:\/\/infodive.com.br\/blog\/category\/ibm\/\" class=\"badge fs-sm text-decoration-none bg-secondary text-nav\" rel=\"category tag\">IBM<\/a><\/div>\t\t\t<\/div>\n\t\t\t<h3 class=\"h4 entry-title\"><a href=\"https:\/\/infodive.com.br\/blog\/storage-como-escolher-a-melhor-opcao-para-otimizar-a-gestao-de-dados-da-sua-empresa\/\" class=\"stretched-link\" rel=\"bookmark\">Storage: como escolher a melhor op\u00e7\u00e3o para otimizar a gest\u00e3o de dados da sua empresa<\/a><\/h3>\t\t\t<div class=\"mb-4\"><p>O armazenamento se tornou uma das solu\u00e7\u00f5es mais solicitadas no mercado de TI, afinal, estamos na era dos dados, onde todos os processos e principalmente os resultados dependem deles. A cultura data driven diz muito sobre isso. Os respons\u00e1veis pela gest\u00e3o de dados das empresas sabem o qu\u00e3o importante \u00e9 armazen\u00e1-los de forma segura e [&hellip;]<\/p>\n<\/div>\n\t\t\t<div class=\"d-flex align-items-center text-muted\">\n\t\t\t\t<div class=\"fs-sm border-end pe-3 me-3\"><a href=\"https:\/\/infodive.com.br\/blog\/storage-como-escolher-a-melhor-opcao-para-otimizar-a-gestao-de-dados-da-sua-empresa\/\" rel=\"bookmark\" class=\"text-decoration-none text-reset\"><time class=\"entry-date published d-none\" datetime=\"2023-05-12T10:02:54-03:00\">12 de maio de 2023<\/time><time class=\"updated\" datetime=\"2023-05-12T10:04:36-03:00\">12 de maio de 2023<\/time><\/a><\/div>\t\t\t\t<a href=\"https:\/\/infodive.com.br\/blog\/storage-como-escolher-a-melhor-opcao-para-otimizar-a-gestao-de-dados-da-sua-empresa\/#respond\" class=\"d-flex align-items-center me-3 text-reset text-decoration-none\"><i class=\"bx bx-comment  me-1\"><\/i><span class=\"fs-sm\">0<\/span><\/a>\t\t\t<\/div>\n\t\t<\/div>\n\t<\/article>\n<\/div>\n\t\t<\/div>\n\n\t\t\n\t\t\t\t<div class=\"e-load-more-anchor\" data-page=\"1\" data-max-page=\"3\" data-next-page=\"https:\/\/infodive.com.br\/blog\/wp-json\/wp\/v2\/pages\/15\/page\/2\/\"><\/div>\n\t\t<nav aria-label=\"Page navigation\"><ul class=\"pagination\"><li class=\"page-item d-none d-sm-block active\"><span class=\"page-link current\"><span class=\"elementor-screen-only\">Page<\/span>1<\/span><\/li><li class=\"page-item d-none d-sm-block \"><a class=\"page-link\" href=\"https:\/\/infodive.com.br\/blog\/wp-json\/wp\/v2\/pages\/15\/page\/2\/\"><span class=\"elementor-screen-only\">Page<\/span>2<\/a><\/li><li class=\"page-item d-none d-sm-block \"><a class=\"page-link\" href=\"https:\/\/infodive.com.br\/blog\/wp-json\/wp\/v2\/pages\/15\/page\/3\/\"><span class=\"elementor-screen-only\">Page<\/span>3<\/a><\/li><\/ul><\/nav>\t\t<\/div>\n\t\t\t\t<\/div>\n\t\t\t\t\t<\/div>\n\t\t<\/div>\n\t\t\t\t<div class=\"elementor-column elementor-col-50 elementor-top-column elementor-element elementor-element-2e1c40ef col-xl-3 col-lg-4\" data-id=\"2e1c40ef\" data-element_type=\"column\">\n\t\t\t<div class=\"p-0 elementor-widget-wrap elementor-element-populated\">\n\t\t\t\t\t\t\t\t<div class=\"elementor-element elementor-element-60c8c19b sidebar-blog elementor-widget elementor-widget-sidebar\" data-id=\"60c8c19b\" data-element_type=\"widget\" data-widget_type=\"sidebar.default\">\n\t\t\t\t<div class=\"elementor-widget-container\">\n\t\t\t<button type=\"button\" data-bs-toggle=\"offcanvas\" data-bs-target=\"#blog-sidebar\" aria-controls=\"blog-sidebar\" class=\"btn btn-sm btn-primary fixed-bottom d-lg-none w-100 rounded-0\"><i class=\"bx bx-sidebar fs-xl me-2\"><\/i>Sidebar<\/button><div class=\"offcanvas offcanvas-end offcanvas-expand-lg\" id=\"blog-sidebar\" tabindex=\"-1\"><div class=\"offcanvas-header border-bottom\"><h3 class=\"offcanvas-title fs-lg\">Sidebar<\/h3><button type=\"button\" class=\"btn-close\" data-bs-dismiss=\"offcanvas\"><\/button><\/div><div class=\"offcanvas-body\"><div id=\"block-3\" class=\"widget mb-4 widget_block\">\n<div class=\"wp-container-1 wp-block-group border-0\"><div class=\"wp-block-group__inner-container\">\n<h2>Postagens recentes<\/h2>\n\n\n<ul class=\"wp-block-latest-posts__list has-dates wp-block-latest-posts\"><li><a class=\"wp-block-latest-posts__post-title\" href=\"https:\/\/infodive.com.br\/blog\/oito-tecnologias-de-seguranca-de-dados-para-ajudar-empresas-a-se-protegerem\/\">Oito tecnologias de seguran\u00e7a de dados para ajudar empresas a se protegerem<\/a><time datetime=\"2023-12-14T13:19:33-03:00\" class=\"wp-block-latest-posts__post-date\">14 de dezembro de 2023<\/time><\/li>\n<li><a class=\"wp-block-latest-posts__post-title\" href=\"https:\/\/infodive.com.br\/blog\/armazenamento-de-dados-as-tecnologias-que-voce-precisa-conhecer\/\">Armazenamento de dados: as tecnologias que voc\u00ea precisa conhecer<\/a><time datetime=\"2023-11-23T10:23:44-03:00\" class=\"wp-block-latest-posts__post-date\">23 de novembro de 2023<\/time><\/li>\n<li><a class=\"wp-block-latest-posts__post-title\" href=\"https:\/\/infodive.com.br\/blog\/servidores-ibm-power-sua-infraestrutura-de-ti-empresarial-moderna-e-eficaz\/\">Servidores IBM Power: a resili\u00eancia necess\u00e1ria para uma infraestrutura de TI empresarial moderna e eficaz<\/a><time datetime=\"2023-11-09T07:25:56-03:00\" class=\"wp-block-latest-posts__post-date\">9 de novembro de 2023<\/time><\/li>\n<\/ul>\n\n\n<div style=\"height:0px\" aria-hidden=\"true\" class=\"wp-block-spacer position-absolute top-0 start-0 w-100 h-100 bg-gradient-primary opacity-10 rounded-3\"><\/div>\n<\/div><\/div>\n<\/div><\/div><\/div>\t\t<\/div>\n\t\t\t\t<\/div>\n\t\t\t\t\t<\/div>\n\t\t<\/div>\n\t\t\t\t\t\t\t<\/div>\n\t\t<\/div>\n\t\t\t\t\t\t\t<\/div>\n\t\t","protected":false},"excerpt":{"rendered":"<p>\u00daltimas postagens<\/p>\n","protected":false},"author":1,"featured_media":0,"parent":0,"menu_order":0,"comment_status":"closed","ping_status":"closed","template":"elementor_header_footer","meta":[],"acf":[],"_links":{"self":[{"href":"https:\/\/infodive.com.br\/blog\/wp-json\/wp\/v2\/pages\/15"}],"collection":[{"href":"https:\/\/infodive.com.br\/blog\/wp-json\/wp\/v2\/pages"}],"about":[{"href":"https:\/\/infodive.com.br\/blog\/wp-json\/wp\/v2\/types\/page"}],"author":[{"embeddable":true,"href":"https:\/\/infodive.com.br\/blog\/wp-json\/wp\/v2\/users\/1"}],"replies":[{"embeddable":true,"href":"https:\/\/infodive.com.br\/blog\/wp-json\/wp\/v2\/comments?post=15"}],"version-history":[{"count":13,"href":"https:\/\/infodive.com.br\/blog\/wp-json\/wp\/v2\/pages\/15\/revisions"}],"predecessor-version":[{"id":6238,"href":"https:\/\/infodive.com.br\/blog\/wp-json\/wp\/v2\/pages\/15\/revisions\/6238"}],"wp:attachment":[{"href":"https:\/\/infodive.com.br\/blog\/wp-json\/wp\/v2\/media?parent=15"}],"curies":[{"name":"wp","href":"https:\/\/api.w.org\/{rel}","templated":true}]}}